{"id":36,"date":"2017-02-16T09:13:19","date_gmt":"2017-02-16T08:13:19","guid":{"rendered":"http:\/\/mxajfmgl.preview.infomaniak.website\/?page_id=36"},"modified":"2022-09-01T10:49:07","modified_gmt":"2022-09-01T08:49:07","slug":"hogar","status":"publish","type":"page","link":"https:\/\/www.radiobonesprit.org\/es\/","title":{"rendered":"Hogar"},"content":{"rendered":"<p>[et_pb_section fb_built=\u00bb1&#8243; fullwidth=\u00bbon\u00bb admin_label=\u00bbSection\u00bb module_id=\u00bbhome\u00bb _builder_version=\u00bb4.16&#8243; custom_padding=\u00bb0px|0px|0px|0px\u00bb transparent_background=\u00bboff\u00bb make_fullwidth=\u00bboff\u00bb use_custom_width=\u00bboff\u00bb width_unit=\u00bboff\u00bb custom_width_px=\u00bb1080px\u00bb custom_width_percent=\u00bb80%\u00bb global_colors_info=\u00bb{}\u00bb][et_pb_fullwidth_slider admin_label=\u00bbCurseur de d\u00e9filement plein \u00e9cran\u00bb _builder_version=\u00bb4.17.4&#8243; background_image=\u00bbhttps:\/\/www.radiobonesprit.org\/fr\/wp-content\/uploads\/sites\/2\/2022\/06\/anmol-arora-js1prKAQF7s-unsplash-scaled.jpg\u00bb background_position=\u00bbtop_left\u00bb custom_padding=\u00bb|||\u00bb custom_padding_tablet=\u00bb|||\u00bb custom_padding_phone=\u00bb|||\u00bb button_border_radius_hover=\u00bb0&#8243; button_letter_spacing_hover=\u00bb0&#8243; remove_inner_shadow=\u00bbon\u00bb hide_content_on_mobile=\u00bboff\u00bb hide_cta_on_mobile=\u00bboff\u00bb show_inner_shadow=\u00bboff\u00bb global_colors_info=\u00bb{}\u00bb button_text_size__hover_enabled=\u00bboff\u00bb button_one_text_size__hover_enabled=\u00bboff\u00bb button_two_text_size__hover_enabled=\u00bboff\u00bb button_text_color__hover_enabled=\u00bboff\u00bb button_one_text_color__hover_enabled=\u00bboff\u00bb button_two_text_color__hover_enabled=\u00bboff\u00bb button_border_width__hover_enabled=\u00bboff\u00bb button_one_border_width__hover_enabled=\u00bboff\u00bb button_two_border_width__hover_enabled=\u00bboff\u00bb button_border_color__hover_enabled=\u00bboff\u00bb button_one_border_color__hover_enabled=\u00bboff\u00bb button_two_border_color__hover_enabled=\u00bboff\u00bb button_border_radius__hover_enabled=\u00bbon\u00bb button_border_radius__hover=\u00bb0&#8243; button_one_border_radius__hover_enabled=\u00bboff\u00bb button_two_border_radius__hover_enabled=\u00bboff\u00bb button_letter_spacing__hover_enabled=\u00bbon\u00bb button_letter_spacing__hover=\u00bb0&#8243; button_one_letter_spacing__hover_enabled=\u00bboff\u00bb button_two_letter_spacing__hover_enabled=\u00bboff\u00bb button_bg_color__hover_enabled=\u00bboff\u00bb button_one_bg_color__hover_enabled=\u00bboff\u00bb button_two_bg_color__hover_enabled=\u00bboff\u00bb][et_pb_slide heading=\u00bbRADIO BON ESPRIT\u00bb button_link=\u00bb#about\u00bb image=\u00bbhttps:\/\/www.radiobonesprit.org\/fr\/wp-content\/uploads\/sites\/2\/2022\/06\/logo_RBE_2.png\u00bb use_bg_overlay=\u00bbon\u00bb bg_overlay_color=\u00bbrgba(255,255,255,0.4)\u00bb _builder_version=\u00bb4.17.4&#8243; _module_preset=\u00bb7ea83ed5-ce5d-49c3-91c0-00da7c33db4b\u00bb header_level=\u00bbh1&#8243; header_font=\u00bb|700|||||||\u00bb header_text_align=\u00bbleft\u00bb header_text_color=\u00bb#282a41&#8243; header_font_size=\u00bb50px\u00bb body_font=\u00bb|600|||||||\u00bb body_text_color=\u00bb#d02112&#8243; background_color=\u00bb#000000&#8243; background_enable_color=\u00bbon\u00bb background_image=\u00bbhttps:\/\/www.radiobonesprit.org\/fr\/wp-content\/uploads\/sites\/2\/2022\/06\/rbe_banner_2.jpg\u00bb background_enable_image=\u00bbon\u00bb button_icon_placement=\u00bbright\u00bb button_on_hover=\u00bbon\u00bb text_orientation=\u00bbleft\u00bb background_layout=\u00bblight\u00bb button_text_color_hover=\u00bb#666666&#8243; button_bg_color_hover=\u00bb#ffffff\u00bb video_bg_mp4=\u00bb\/wp-content\/uploads\/2017\/02\/Office-Day-1080p.mp4&#8243; video_bg_webm=\u00bb\/wp-content\/uploads\/2017\/02\/Office-Day-1080p.webm\u00bb global_colors_info=\u00bb{}\u00bb button_one_text_size__hover_enabled=\u00bboff\u00bb button_two_text_size__hover_enabled=\u00bboff\u00bb button_one_text_color__hover_enabled=\u00bboff\u00bb button_two_text_color__hover_enabled=\u00bboff\u00bb button_one_border_width__hover_enabled=\u00bboff\u00bb button_two_border_width__hover_enabled=\u00bboff\u00bb button_one_border_color__hover_enabled=\u00bboff\u00bb button_two_border_color__hover_enabled=\u00bboff\u00bb button_one_border_radius__hover_enabled=\u00bboff\u00bb button_two_border_radius__hover_enabled=\u00bboff\u00bb button_one_letter_spacing__hover_enabled=\u00bboff\u00bb button_two_letter_spacing__hover_enabled=\u00bboff\u00bb button_one_bg_color__hover_enabled=\u00bboff\u00bb button_two_bg_color__hover_enabled=\u00bboff\u00bb sticky_transition=\u00bbon\u00bb]<\/p>\n<p>Desarrollado por DjWalter.<\/p>\n<p>[\/et_pb_slide][\/et_pb_fullwidth_slider][\/et_pb_section][et_pb_section fb_built=\u00bb1&#8243; _builder_version=\u00bb4.17.4&#8243; _module_preset=\u00bbdefault\u00bb custom_margin=\u00bbauto||auto||false|false\u00bb global_colors_info=\u00bb{}\u00bb][et_pb_row column_structure=\u00bb1_2,1_2&#8243; _builder_version=\u00bb4.17.4&#8243; _module_preset=\u00bbdefault\u00bb global_colors_info=\u00bb{}\u00bb][et_pb_column type=\u00bb1_2&#8243; _builder_version=\u00bb4.17.4&#8243; _module_preset=\u00bbdefault\u00bb global_colors_info=\u00bb{}\u00bb][et_pb_code raw_content_last_edited=\u00bboff|desktop\u00bb module_id=\u00bb#rbe_player\u00bb _builder_version=\u00bb4.17.4&#8243; _module_preset=\u00bbdefault\u00bb transform_translate_linked=\u00bboff\u00bb custom_css_before=\u00bb||\u00bb global_colors_info=\u00bb{}\u00bb custom_css_main_element__hover_enabled=\u00bbon|desktop\u00bb custom_css_main_element_last_edited=\u00bbon|desktop\u00bb]<\/p>\n<style><!-- [et_pb_line_break_holder] -->  #rbeplayer div {<!-- [et_pb_line_break_holder] -->    padding-top: 0px !important;<!-- [et_pb_line_break_holder] -->  }<!-- [et_pb_line_break_holder] -->  <!-- [et_pb_line_break_holder] -->  #rbeplayer h1 {<!-- [et_pb_line_break_holder] -->    font-size : 3rem;<!-- [et_pb_line_break_holder] -->    line-height : 1.3;<!-- [et_pb_line_break_holder] -->    padding-bottom : 45px;<!-- [et_pb_line_break_holder] -->  }<!-- [et_pb_line_break_holder] --><!-- [et_pb_line_break_holder] -->  #rbeplayer i {<!-- [et_pb_line_break_holder] -->    line-height : 0;<!-- [et_pb_line_break_holder] -->    color : #F5AD1C;<!-- [et_pb_line_break_holder] -->    font-size : 4rem ;<!-- [et_pb_line_break_holder] -->  }<!-- [et_pb_line_break_holder] -->  <!-- [et_pb_line_break_holder] -->  #rbeplayer i.start {<!-- [et_pb_line_break_holder] -->    margin-left : -50px;<!-- [et_pb_line_break_holder] -->    margin-right : 20px;<!-- [et_pb_line_break_holder] -->  }<!-- [et_pb_line_break_holder] -->  <!-- [et_pb_line_break_holder] -->\t#rbeplayer i.end {<!-- [et_pb_line_break_holder] -->    margin-left : 20px;  <!-- [et_pb_line_break_holder] -->  }<!-- [et_pb_line_break_holder] --><\/style>\n<p><!-- [et_pb_line_break_holder] --><\/p>\n<div id=\"rbeplayer\"><!-- [et_pb_line_break_holder] -->  <\/p>\n<div class='container'><!-- [et_pb_line_break_holder] -->    <\/p>\n<div><!-- [et_pb_line_break_holder] -->    \t<\/p>\n<h1><!-- [et_pb_line_break_holder] -->      \t<i class=\"start\">\u00ab<\/i>Radio libre de diversidad aleatoria.<i class=\"end\">\u00bb<\/i><!-- [et_pb_line_break_holder] -->    \t<\/h1>\n<p><!-- [et_pb_line_break_holder] -->    <\/div>\n<p><!-- [et_pb_line_break_holder] -->  <\/div>\n<p><!-- [et_pb_line_break_holder] -->  <iframe loading=\"lazy\" src=\"https:\/\/player-radio.infomaniak.com\/prod\/medium\/radiobonespritinternational\/58ff2a13-e224-43b3-9568-71b00396b62c\" width=\"505px\" height=\"144px\"><\/iframe><!-- [et_pb_line_break_holder] --><\/div>\n<p>[\/et_pb_code][\/et_pb_column][et_pb_column type=\u00bb1_2&#8243; _builder_version=\u00bb4.17.4&#8243; _module_preset=\u00bbdefault\u00bb global_colors_info=\u00bb{}\u00bb][et_pb_image src=\u00bbhttps:\/\/www.radiobonesprit.org\/fr\/wp-content\/uploads\/sites\/2\/2022\/06\/radio.gif\u00bb title_text=\u00bbradio\u00bb force_fullwidth=\u00bbon\u00bb _builder_version=\u00bb4.17.4&#8243; _module_preset=\u00bbdefault\u00bb global_colors_info=\u00bb{}\u00bb][\/et_pb_image][\/et_pb_column][\/et_pb_row][\/et_pb_section][et_pb_section fb_built=\u00bb1&#8243; fullwidth=\u00bbon\u00bb _builder_version=\u00bb4.17.4&#8243; _module_preset=\u00bbdefault\u00bb global_colors_info=\u00bb{}\u00bb][et_pb_fullwidth_header title=\u00bbBienvenido a Radio Bon Esprit International %91Radio %22Buena Onda%22 Internacional%93, la radio libre de la diversidad aleatoria.\u00bb _builder_version=\u00bb4.17.4&#8243; _module_preset=\u00bbdefault\u00bb global_colors_info=\u00bb{}\u00bb]<\/p>\n<p>&nbsp;<\/p>\n<p>Luego de muchos a\u00f1os de reunir discos de todos los or\u00edgenes y g\u00e9neros musicales, el equipo de Radio Bon Esprit, cuya cl\u00e1sica buena onda no merece duda, ha reunido para ustedes lo mejor de la m\u00fasica.<\/p>\n<p>&nbsp;<\/p>\n<p>Junto con hacerte apreciar el concepto de radio en linea libre e independiente, el flujo musical permanente y aleatorio de RBE Internacional te cautivar\u00e1 con sus combinaciones inesperadas de Charles Trenet y Norah Jones, de Paquito de Rivera y Los Beatles, de Miles Davis y Johann Sebastian Bach.<\/p>\n<p>&nbsp;<\/p>\n<p>Convencidos de que \u00abla m\u00fasica amansa a las fieras\u00bb hemos decidido contribuir a la paz usando &#8230; las orejas. Ojal\u00e1 Radio Bon Esprit International logre aportar un granito de arena. DJ Walter.<\/p>\n<p>[\/et_pb_fullwidth_header][\/et_pb_section][et_pb_section fb_built=\u00bb1&#8243; custom_padding_last_edited=\u00bbon|desktop\u00bb admin_label=\u00bbsection\u00bb module_id=\u00bbabout\u00bb _builder_version=\u00bb4.16&#8243; custom_padding=\u00bb0px|0px|0px|0px\u00bb custom_padding_tablet=\u00bb\u00bb custom_padding_phone=\u00bb\u00bb transparent_background=\u00bboff\u00bb make_fullwidth=\u00bboff\u00bb use_custom_width=\u00bboff\u00bb width_unit=\u00bboff\u00bb custom_width_px=\u00bb1080px\u00bb custom_width_percent=\u00bb80%\u00bb global_colors_info=\u00bb{}\u00bb][et_pb_row column_structure=\u00bb1_3,2_3&#8243; custom_padding_last_edited=\u00bbon|phone\u00bb admin_label=\u00bbLigne\u00bb _builder_version=\u00bb4.16&#8243; background_size=\u00bbinitial\u00bb background_position=\u00bbtop_left\u00bb background_repeat=\u00bbrepeat\u00bb custom_padding=\u00bb130px|180px|130px|180px\u00bb custom_padding_tablet=\u00bb100px|100px|100px|100px\u00bb custom_padding_phone=\u00bb100px|20px|100px|20px\u00bb make_fullwidth=\u00bboff\u00bb use_custom_width=\u00bboff\u00bb width_unit=\u00bboff\u00bb custom_width_px=\u00bb1080px\u00bb custom_width_percent=\u00bb80%\u00bb global_colors_info=\u00bb{}\u00bb][et_pb_column type=\u00bb1_3&#8243; _builder_version=\u00bb4.16&#8243; custom_padding=\u00bb|||\u00bb global_colors_info=\u00bb{}\u00bb custom_padding__hover=\u00bb|||\u00bb][et_pb_image src=\u00bbhttps:\/\/www.radiobonesprit.org\/fr\/wp-content\/uploads\/sites\/2\/2022\/06\/good.png\u00bb title_text=\u00bbgood\u00bb _builder_version=\u00bb4.17.4&#8243; _module_preset=\u00bbdefault\u00bb global_colors_info=\u00bb{}\u00bb][\/et_pb_image][\/et_pb_column][et_pb_column type=\u00bb2_3&#8243; _builder_version=\u00bb4.16&#8243; custom_padding=\u00bb|||\u00bb global_colors_info=\u00bb{}\u00bb custom_padding__hover=\u00bb|||\u00bb][et_pb_text _builder_version=\u00bb4.17.4&#8243; _module_preset=\u00bbdefault\u00bb global_colors_info=\u00bb{}\u00bb]<\/p>\n<h1 class=\"tw-data-text tw-text-large tw-ta\" data-placeholder=\"Traduction\" id=\"tw-target-text\" dir=\"ltr\"><span class=\"Y2IQFc\" lang=\"es\">\u00a1Ay\u00fadanos a continuar con nuestra transmisi\u00f3n!<\/span><\/h1>\n<p>[\/et_pb_text][et_pb_text _builder_version=\u00bb4.17.4&#8243; _module_preset=\u00bbdefault\u00bb global_colors_info=\u00bb{}\u00bb]<\/p>\n<p class=\"tw-data-text tw-text-large tw-ta\" data-placeholder=\"Traduction\" id=\"tw-target-text\" dir=\"ltr\"><span class=\"Y2IQFc\" lang=\"es\">Da lo que puedas, 1 euro, 5 euros\u2026 Cualquier participaci\u00f3n en Radio Bon Esprit es bienvenida. <\/span><\/p>\n<p class=\"tw-data-text tw-text-large tw-ta\" data-placeholder=\"Traduction\" dir=\"ltr\"><span class=\"Y2IQFc\" lang=\"es\">Estas donaciones se utilizan para renovar la licencia de transmisi\u00f3n y mantener el sitio web.<\/span><\/p>\n<p>[\/et_pb_text][et_pb_button button_text=\u00bbHACER UNA DONACI\u00d3N\u00bb button_alignment=\u00bbleft\u00bb _builder_version=\u00bb4.17.4&#8243; _module_preset=\u00bbdefault\u00bb custom_button=\u00bbon\u00bb button_text_color=\u00bb#ffffff\u00bb button_bg_color=\u00bb#d02112&#8243; button_border_radius=\u00bb100px\u00bb hover_enabled=\u00bb0&#8243; global_colors_info=\u00bb{}\u00bb button_url=\u00bbhttps:\/\/www.leetchi.com\/c\/rbe2023&#8243; sticky_enabled=\u00bb0&#8243;][\/et_pb_button][\/et_pb_column][\/et_pb_row][\/et_pb_section][et_pb_section fb_built=\u00bb1&#8243; _builder_version=\u00bb4.17.4&#8243; _module_preset=\u00bbdefault\u00bb background_color=\u00bb#f5ad1c\u00bb min_height=\u00bb109px\u00bb custom_padding=\u00bb|0px|||false|false\u00bb global_colors_info=\u00bb{}\u00bb][et_pb_row column_structure=\u00bb3_5,2_5&#8243; _builder_version=\u00bb4.17.4&#8243; _module_preset=\u00bbdefault\u00bb module_alignment=\u00bbcenter\u00bb min_height=\u00bb106px\u00bb custom_padding=\u00bb||||false|false\u00bb global_colors_info=\u00bb{}\u00bb][et_pb_column type=\u00bb3_5&#8243; _builder_version=\u00bb4.17.4&#8243; _module_preset=\u00bbdefault\u00bb custom_padding=\u00bb||||false|false\u00bb global_colors_info=\u00bb{}\u00bb][et_pb_text _builder_version=\u00bb4.17.4&#8243; _module_preset=\u00bbdefault\u00bb text_text_color=\u00bb#282a41&#8243; global_colors_info=\u00bb{}\u00bb]<\/p>\n<h1 class=\"tw-data-text tw-text-large tw-ta\" data-placeholder=\"Traduction\" dir=\"ltr\"><span class=\"Y2IQFc\" lang=\"es\">Noticias de nuestro socio<\/span><\/h1>\n<h1>\u00a0\u00bb<span>\u00a0<\/span><span class=\"Y2IQFc\" lang=\"es\">El sonido del mundo <\/span>\u00ab<\/h1>\n<p>[\/et_pb_text][et_pb_text _builder_version=\u00bb4.17.4&#8243; _module_preset=\u00bbdefault\u00bb text_text_color=\u00bb#FFFFFF\u00bb global_colors_info=\u00bb{}\u00bb]<\/p>\n<p class=\"tw-data-text tw-text-large tw-ta\" data-placeholder=\"Traduction\" id=\"tw-target-text\" dir=\"ltr\"><span class=\"Y2IQFc\" lang=\"es\">Le son du monde: la m\u00e1s libre de las revistas independientes donde la cr\u00edtica de arte es tambi\u00e9n una cr\u00edtica a la sociedad. <\/span><\/p>\n<p class=\"tw-data-text tw-text-large tw-ta\" data-placeholder=\"Traduction\" dir=\"ltr\"><span class=\"Y2IQFc\" lang=\"es\">Noticias musicales, conciertos, \u00e1lbumes, entrevistas, reportajes, festivales, novedades literarias, estrenos, cine, nuevas exposiciones, eventos audiovisuales en Francia y en otros lugares en: www.sondumonde.fr<\/span><\/p>\n<p>[\/et_pb_text][\/et_pb_column][et_pb_column type=\u00bb2_5&#8243; _builder_version=\u00bb4.17.4&#8243; _module_preset=\u00bbdefault\u00bb custom_padding=\u00bb|0px|||false|false\u00bb global_colors_info=\u00bb{}\u00bb][et_pb_image src=\u00bbhttps:\/\/www.radiobonesprit.org\/fr\/wp-content\/uploads\/sites\/2\/2022\/06\/casette1.gif\u00bb title_text=\u00bbcasette1&#8243; align=\u00bbcenter\u00bb _builder_version=\u00bb4.17.4&#8243; _module_preset=\u00bbdefault\u00bb width=\u00bb100%\u00bb min_height=\u00bb100%\u00bb custom_padding=\u00bb||||false|false\u00bb global_colors_info=\u00bb{}\u00bb][\/et_pb_image][\/et_pb_column][\/et_pb_row][\/et_pb_section][et_pb_section fb_built=\u00bb1&#8243; _builder_version=\u00bb4.17.4&#8243; _module_preset=\u00bbdefault\u00bb global_colors_info=\u00bb{}\u00bb][et_pb_row column_structure=\u00bb2_5,3_5&#8243; _builder_version=\u00bb4.17.4&#8243; _module_preset=\u00bbdefault\u00bb global_colors_info=\u00bb{}\u00bb][et_pb_column type=\u00bb2_5&#8243; _builder_version=\u00bb4.17.4&#8243; _module_preset=\u00bbdefault\u00bb global_colors_info=\u00bb{}\u00bb][et_pb_image src=\u00bbhttps:\/\/www.radiobonesprit.org\/fr\/wp-content\/uploads\/sites\/2\/2022\/06\/e8RWv9ocXYkN7SReRf.gif\u00bb title_text=\u00bbe8RWv9ocXYkN7SReRf\u00bb _builder_version=\u00bb4.17.4&#8243; _module_preset=\u00bbdefault\u00bb border_radii=\u00bbon|15px|15px|15px|15px\u00bb border_width_all=\u00bb20px\u00bb border_color_all=\u00bb#72b6d8&#8243; global_colors_info=\u00bb{}\u00bb][\/et_pb_image][\/et_pb_column][et_pb_column type=\u00bb3_5&#8243; _builder_version=\u00bb4.17.4&#8243; _module_preset=\u00bbdefault\u00bb global_colors_info=\u00bb{}\u00bb][et_pb_text _builder_version=\u00bb4.17.4&#8243; _module_preset=\u00bbdefault\u00bb header_text_color=\u00bb#d02112&#8243; header_font_size=\u00bb45px\u00bb global_colors_info=\u00bb{}\u00bb]<\/p>\n<h1 class=\"tw-data-text tw-text-large tw-ta\" data-placeholder=\"Traduction\" id=\"tw-target-text\" dir=\"ltr\"><span class=\"Y2IQFc\" lang=\"es\">Escribenos !<\/span><\/h1>\n<p>[\/et_pb_text][et_pb_text _builder_version=\u00bb4.17.4&#8243; _module_preset=\u00bbdefault\u00bb text_text_color=\u00bb#282a41&#8243; global_colors_info=\u00bb{}\u00bb]<\/p>\n<h4>djwalter@free.fr<\/h4>\n<p>[\/et_pb_text][\/et_pb_column][\/et_pb_row][\/et_pb_section][et_pb_section fb_built=\u00bb1&#8243; _builder_version=\u00bb4.17.4&#8243; _module_preset=\u00bbdefault\u00bb background_color=\u00bb#282a41&#8243; custom_padding=\u00bb||0px||false|false\u00bb global_colors_info=\u00bb{}\u00bb][et_pb_row column_structure=\u00bb1_6,1_6,1_6,1_6,1_6,1_6&#8243; make_equal=\u00bbon\u00bb _builder_version=\u00bb4.17.4&#8243; _module_preset=\u00bbdefault\u00bb max_width=\u00bb2560px\u00bb global_colors_info=\u00bb{}\u00bb][et_pb_column type=\u00bb1_6&#8243; _builder_version=\u00bb4.17.4&#8243; _module_preset=\u00bbdefault\u00bb global_colors_info=\u00bb{}\u00bb][et_pb_image src=\u00bbhttps:\/\/www.radiobonesprit.org\/fr\/wp-content\/uploads\/sites\/2\/2022\/06\/logo-long-red.png\u00bb title_text=\u00bblogo-long-red\u00bb url=\u00bbhttp:\/\/www.streamitter.com%22&#8243; align=\u00bbcenter\u00bb _builder_version=\u00bb4.17.4&#8243; _module_preset=\u00bbdefault\u00bb max_height=\u00bb100px\u00bb global_colors_info=\u00bb{}\u00bb][\/et_pb_image][\/et_pb_column][et_pb_column type=\u00bb1_6&#8243; _builder_version=\u00bb4.17.4&#8243; _module_preset=\u00bbdefault\u00bb global_colors_info=\u00bb{}\u00bb][et_pb_image src=\u00bbhttps:\/\/www.radiobonesprit.org\/fr\/wp-content\/uploads\/sites\/2\/2022\/06\/webradio-media.png\u00bb title_text=\u00bbwebradio media\u00bb url=\u00bbhttps:\/\/www.webradio.media\/\u00bb align=\u00bbcenter\u00bb _builder_version=\u00bb4.17.4&#8243; _module_preset=\u00bbdefault\u00bb height=\u00bb100px\u00bb global_colors_info=\u00bb{}\u00bb][\/et_pb_image][\/et_pb_column][et_pb_column type=\u00bb1_6&#8243; _builder_version=\u00bb4.17.4&#8243; _module_preset=\u00bbdefault\u00bb global_colors_info=\u00bb{}\u00bb][et_pb_image src=\u00bbhttps:\/\/www.radiobonesprit.org\/fr\/wp-content\/uploads\/sites\/2\/2022\/06\/mytuner-1.png\u00bb title_text=\u00bbmytuner\u00bb url=\u00bbhttps:\/\/mytuner-radio.com\/\u00bb align=\u00bbcenter\u00bb _builder_version=\u00bb4.17.4&#8243; _module_preset=\u00bbdefault\u00bb height=\u00bb100px\u00bb global_colors_info=\u00bb{}\u00bb][\/et_pb_image][\/et_pb_column][et_pb_column type=\u00bb1_6&#8243; _builder_version=\u00bb4.17.4&#8243; _module_preset=\u00bbdefault\u00bb global_colors_info=\u00bb{}\u00bb][et_pb_image src=\u00bbhttps:\/\/www.radiobonesprit.org\/fr\/wp-content\/uploads\/sites\/2\/2022\/06\/radio-garden.png\u00bb title_text=\u00bbradio garden\u00bb url=\u00bbhttps:\/\/radio.garden\/listen\/radio-bon-esprit-international\/Tp1Q9LtW\u00bb align=\u00bbcenter\u00bb _builder_version=\u00bb4.17.4&#8243; _module_preset=\u00bbdefault\u00bb height=\u00bb100px\u00bb global_colors_info=\u00bb{}\u00bb][\/et_pb_image][\/et_pb_column][et_pb_column type=\u00bb1_6&#8243; _builder_version=\u00bb4.17.4&#8243; _module_preset=\u00bbdefault\u00bb global_colors_info=\u00bb{}\u00bb][et_pb_image src=\u00bbhttps:\/\/www.radiobonesprit.org\/fr\/wp-content\/uploads\/sites\/2\/2022\/06\/nR.png\u00bb title_text=\u00bbnR\u00bb url=\u00bbhttps:\/\/osx.f20.be\/link.htm?nRLink=nradio:\/\/import\/Radio%20Bon%20Esprit%20International\/http:**radiobonespritinternational.ice.infomaniak.ch*rbeinter.mp3&#8243; align=\u00bbcenter\u00bb _builder_version=\u00bb4.17.4&#8243; _module_preset=\u00bbdefault\u00bb height=\u00bb100px\u00bb global_colors_info=\u00bb{}\u00bb][\/et_pb_image][\/et_pb_column][et_pb_column type=\u00bb1_6&#8243; _builder_version=\u00bb4.17.4&#8243; _module_preset=\u00bbdefault\u00bb global_colors_info=\u00bb{}\u00bb][et_pb_image src=\u00bbhttps:\/\/www.radiobonesprit.org\/fr\/wp-content\/uploads\/sites\/2\/2022\/06\/internet-radio-logo.png\u00bb title_text=\u00bbinternet-radio-logo\u00bb url=\u00bbhttps:\/\/www.internet-radio.com\/\u00bb _builder_version=\u00bb4.17.4&#8243; _module_preset=\u00bbdefault\u00bb max_height=\u00bb100px\u00bb global_colors_info=\u00bb{}\u00bb][\/et_pb_image][\/et_pb_column][\/et_pb_row][\/et_pb_section][et_pb_section fb_built=\u00bb1&#8243; fullwidth=\u00bbon\u00bb _builder_version=\u00bb4.17.4&#8243; _module_preset=\u00bbdefault\u00bb global_colors_info=\u00bb{}\u00bb][\/et_pb_section]<\/p>\n","protected":false},"excerpt":{"rendered":"<p>Desarrollado por DjWalter.&nbsp; Luego de muchos a\u00f1os de reunir discos de todos los or\u00edgenes y g\u00e9neros musicales, el equipo de Radio Bon Esprit, cuya cl\u00e1sica buena onda no merece duda, ha reunido para ustedes lo mejor de la m\u00fasica. &nbsp; Junto con hacerte apreciar el concepto de radio en linea libre e independiente, el flujo [&hellip;]<\/p>\n","protected":false},"author":3,"featured_media":0,"parent":0,"menu_order":0,"comment_status":"closed","ping_status":"closed","template":"","meta":{"_et_pb_use_builder":"on","_et_pb_old_content":"","_et_gb_content_width":""},"_links":{"self":[{"href":"https:\/\/www.radiobonesprit.org\/es\/wp-json\/wp\/v2\/pages\/36"}],"collection":[{"href":"https:\/\/www.radiobonesprit.org\/es\/wp-json\/wp\/v2\/pages"}],"about":[{"href":"https:\/\/www.radiobonesprit.org\/es\/wp-json\/wp\/v2\/types\/page"}],"author":[{"embeddable":true,"href":"https:\/\/www.radiobonesprit.org\/es\/wp-json\/wp\/v2\/users\/3"}],"replies":[{"embeddable":true,"href":"https:\/\/www.radiobonesprit.org\/es\/wp-json\/wp\/v2\/comments?post=36"}],"version-history":[{"count":3,"href":"https:\/\/www.radiobonesprit.org\/es\/wp-json\/wp\/v2\/pages\/36\/revisions"}],"predecessor-version":[{"id":28862,"href":"https:\/\/www.radiobonesprit.org\/es\/wp-json\/wp\/v2\/pages\/36\/revisions\/28862"}],"wp:attachment":[{"href":"https:\/\/www.radiobonesprit.org\/es\/wp-json\/wp\/v2\/media?parent=36"}],"curies":[{"name":"wp","href":"https:\/\/api.w.org\/{rel}","templated":true}]}}