{"id":36,"date":"2017-02-16T09:13:19","date_gmt":"2017-02-16T08:13:19","guid":{"rendered":"http:\/\/mxajfmgl.preview.infomaniak.website\/?page_id=36"},"modified":"2022-09-01T10:47:16","modified_gmt":"2022-09-01T08:47:16","slug":"heim","status":"publish","type":"page","link":"https:\/\/www.radiobonesprit.org\/de\/","title":{"rendered":"Heim"},"content":{"rendered":"<p>[et_pb_section fb_built=&#8220;1&#8243; fullwidth=&#8220;on&#8220; admin_label=&#8220;Section&#8220; module_id=&#8220;home&#8220; _builder_version=&#8220;4.16&#8243; custom_padding=&#8220;0px|0px|0px|0px&#8220; transparent_background=&#8220;off&#8220; make_fullwidth=&#8220;off&#8220; use_custom_width=&#8220;off&#8220; width_unit=&#8220;off&#8220; custom_width_px=&#8220;1080px&#8220; custom_width_percent=&#8220;80%&#8220; global_colors_info=&#8220;{}&#8220;][et_pb_fullwidth_slider admin_label=&#8220;Curseur de d\u00e9filement plein \u00e9cran&#8220; _builder_version=&#8220;4.17.4&#8243; background_image=&#8220;https:\/\/www.radiobonesprit.org\/fr\/wp-content\/uploads\/sites\/2\/2022\/06\/anmol-arora-js1prKAQF7s-unsplash-scaled.jpg&#8220; background_position=&#8220;top_left&#8220; custom_padding=&#8220;|||&#8220; custom_padding_tablet=&#8220;|||&#8220; custom_padding_phone=&#8220;|||&#8220; button_border_radius_hover=&#8220;0&#8243; button_letter_spacing_hover=&#8220;0&#8243; remove_inner_shadow=&#8220;on&#8220; hide_content_on_mobile=&#8220;off&#8220; hide_cta_on_mobile=&#8220;off&#8220; show_inner_shadow=&#8220;off&#8220; global_colors_info=&#8220;{}&#8220; button_text_size__hover_enabled=&#8220;off&#8220; button_one_text_size__hover_enabled=&#8220;off&#8220; button_two_text_size__hover_enabled=&#8220;off&#8220; button_text_color__hover_enabled=&#8220;off&#8220; button_one_text_color__hover_enabled=&#8220;off&#8220; button_two_text_color__hover_enabled=&#8220;off&#8220; button_border_width__hover_enabled=&#8220;off&#8220; button_one_border_width__hover_enabled=&#8220;off&#8220; button_two_border_width__hover_enabled=&#8220;off&#8220; button_border_color__hover_enabled=&#8220;off&#8220; button_one_border_color__hover_enabled=&#8220;off&#8220; button_two_border_color__hover_enabled=&#8220;off&#8220; button_border_radius__hover_enabled=&#8220;on&#8220; button_border_radius__hover=&#8220;0&#8243; button_one_border_radius__hover_enabled=&#8220;off&#8220; button_two_border_radius__hover_enabled=&#8220;off&#8220; button_letter_spacing__hover_enabled=&#8220;on&#8220; button_letter_spacing__hover=&#8220;0&#8243; button_one_letter_spacing__hover_enabled=&#8220;off&#8220; button_two_letter_spacing__hover_enabled=&#8220;off&#8220; button_bg_color__hover_enabled=&#8220;off&#8220; button_one_bg_color__hover_enabled=&#8220;off&#8220; button_two_bg_color__hover_enabled=&#8220;off&#8220;][et_pb_slide heading=&#8220;RADIO BON ESPRIT&#8220; button_link=&#8220;#about&#8220; image=&#8220;https:\/\/www.radiobonesprit.org\/fr\/wp-content\/uploads\/sites\/2\/2022\/06\/logo_RBE_2.png&#8220; use_bg_overlay=&#8220;on&#8220; bg_overlay_color=&#8220;rgba(255,255,255,0.4)&#8220; _builder_version=&#8220;4.17.4&#8243; _module_preset=&#8220;7ea83ed5-ce5d-49c3-91c0-00da7c33db4b&#8220; header_level=&#8220;h1&#8243; header_font=&#8220;|700|||||||&#8220; header_text_align=&#8220;left&#8220; header_text_color=&#8220;#282a41&#8243; header_font_size=&#8220;50px&#8220; body_font=&#8220;|600|||||||&#8220; body_text_color=&#8220;#d02112&#8243; background_color=&#8220;#000000&#8243; background_enable_color=&#8220;on&#8220; background_image=&#8220;https:\/\/www.radiobonesprit.org\/fr\/wp-content\/uploads\/sites\/2\/2022\/06\/rbe_banner_2.jpg&#8220; background_enable_image=&#8220;on&#8220; button_icon_placement=&#8220;right&#8220; button_on_hover=&#8220;on&#8220; text_orientation=&#8220;left&#8220; background_layout=&#8220;light&#8220; button_text_color_hover=&#8220;#666666&#8243; button_bg_color_hover=&#8220;#ffffff&#8220; video_bg_mp4=&#8220;\/wp-content\/uploads\/2017\/02\/Office-Day-1080p.mp4&#8243; video_bg_webm=&#8220;\/wp-content\/uploads\/2017\/02\/Office-Day-1080p.webm&#8220; global_colors_info=&#8220;{}&#8220; button_one_text_size__hover_enabled=&#8220;off&#8220; button_two_text_size__hover_enabled=&#8220;off&#8220; button_one_text_color__hover_enabled=&#8220;off&#8220; button_two_text_color__hover_enabled=&#8220;off&#8220; button_one_border_width__hover_enabled=&#8220;off&#8220; button_two_border_width__hover_enabled=&#8220;off&#8220; button_one_border_color__hover_enabled=&#8220;off&#8220; button_two_border_color__hover_enabled=&#8220;off&#8220; button_one_border_radius__hover_enabled=&#8220;off&#8220; button_two_border_radius__hover_enabled=&#8220;off&#8220; button_one_letter_spacing__hover_enabled=&#8220;off&#8220; button_two_letter_spacing__hover_enabled=&#8220;off&#8220; button_one_bg_color__hover_enabled=&#8220;off&#8220; button_two_bg_color__hover_enabled=&#8220;off&#8220; sticky_transition=&#8220;on&#8220;]<\/p>\n<p><span>Unterst\u00fctzt von DjWalter.<\/span><\/p>\n<p>[\/et_pb_slide][\/et_pb_fullwidth_slider][\/et_pb_section][et_pb_section fb_built=&#8220;1&#8243; _builder_version=&#8220;4.17.4&#8243; _module_preset=&#8220;default&#8220; custom_margin=&#8220;auto||auto||false|false&#8220; global_colors_info=&#8220;{}&#8220;][et_pb_row column_structure=&#8220;1_2,1_2&#8243; _builder_version=&#8220;4.17.4&#8243; _module_preset=&#8220;default&#8220; global_colors_info=&#8220;{}&#8220;][et_pb_column type=&#8220;1_2&#8243; _builder_version=&#8220;4.17.4&#8243; _module_preset=&#8220;default&#8220; global_colors_info=&#8220;{}&#8220;][et_pb_code raw_content_last_edited=&#8220;off|desktop&#8220; module_id=&#8220;#rbe_player&#8220; _builder_version=&#8220;4.17.4&#8243; _module_preset=&#8220;default&#8220; transform_translate_linked=&#8220;off&#8220; custom_css_before=&#8220;||&#8220; global_colors_info=&#8220;{}&#8220; custom_css_main_element__hover_enabled=&#8220;on|desktop&#8220; custom_css_main_element_last_edited=&#8220;on|desktop&#8220;]<\/p>\n<style><!-- [et_pb_line_break_holder] -->  #rbeplayer div {<!-- [et_pb_line_break_holder] -->    padding-top: 0px !important;<!-- [et_pb_line_break_holder] -->  }<!-- [et_pb_line_break_holder] -->  <!-- [et_pb_line_break_holder] -->  #rbeplayer h1 {<!-- [et_pb_line_break_holder] -->    font-size : 3rem;<!-- [et_pb_line_break_holder] -->    line-height : 1.3;<!-- [et_pb_line_break_holder] -->    padding-bottom : 45px;<!-- [et_pb_line_break_holder] -->  }<!-- [et_pb_line_break_holder] --><!-- [et_pb_line_break_holder] -->  #rbeplayer i {<!-- [et_pb_line_break_holder] -->    line-height : 0;<!-- [et_pb_line_break_holder] -->    color : #F5AD1C;<!-- [et_pb_line_break_holder] -->    font-size : 4rem ;<!-- [et_pb_line_break_holder] -->  }<!-- [et_pb_line_break_holder] -->  <!-- [et_pb_line_break_holder] -->  #rbeplayer i.start {<!-- [et_pb_line_break_holder] -->    margin-left : -50px;<!-- [et_pb_line_break_holder] -->    margin-right : 20px;<!-- [et_pb_line_break_holder] -->  }<!-- [et_pb_line_break_holder] -->  <!-- [et_pb_line_break_holder] -->\t#rbeplayer i.end {<!-- [et_pb_line_break_holder] -->    margin-left : 20px;  <!-- [et_pb_line_break_holder] -->  }<!-- [et_pb_line_break_holder] --><\/style>\n<p><!-- [et_pb_line_break_holder] --><\/p>\n<div id=\"rbeplayer\"><!-- [et_pb_line_break_holder] -->  <\/p>\n<div class='container'><!-- [et_pb_line_break_holder] -->    <\/p>\n<div><!-- [et_pb_line_break_holder] -->    \t<\/p>\n<h1><!-- [et_pb_line_break_holder] -->      \t<i class=\"start\">\u00ab<\/i>Radio frei von zuf\u00e4lliger Vielfalt.<i class=\"end\">\u00bb<\/i><!-- [et_pb_line_break_holder] -->    \t<\/h1>\n<p><!-- [et_pb_line_break_holder] -->    <\/div>\n<p><!-- [et_pb_line_break_holder] -->  <\/div>\n<p><!-- [et_pb_line_break_holder] -->  <iframe loading=\"lazy\" src=\"https:\/\/player-radio.infomaniak.com\/prod\/medium\/radiobonespritinternational\/58ff2a13-e224-43b3-9568-71b00396b62c\" width=\"505px\" height=\"144px\"><\/iframe><!-- [et_pb_line_break_holder] --><\/div>\n<p>[\/et_pb_code][\/et_pb_column][et_pb_column type=&#8220;1_2&#8243; _builder_version=&#8220;4.17.4&#8243; _module_preset=&#8220;default&#8220; global_colors_info=&#8220;{}&#8220;][et_pb_image src=&#8220;https:\/\/www.radiobonesprit.org\/fr\/wp-content\/uploads\/sites\/2\/2022\/06\/radio.gif&#8220; title_text=&#8220;radio&#8220; force_fullwidth=&#8220;on&#8220; _builder_version=&#8220;4.17.4&#8243; _module_preset=&#8220;default&#8220; global_colors_info=&#8220;{}&#8220;][\/et_pb_image][\/et_pb_column][\/et_pb_row][\/et_pb_section][et_pb_section fb_built=&#8220;1&#8243; fullwidth=&#8220;on&#8220; _builder_version=&#8220;4.17.4&#8243; _module_preset=&#8220;default&#8220; global_colors_info=&#8220;{}&#8220;][et_pb_fullwidth_header title=&#8220;Willkommen auf Radio Bon Esprit International, dem Privatsender der zufallsbedingten Musikvielfalt.&#8220; _builder_version=&#8220;4.17.4&#8243; _module_preset=&#8220;default&#8220; global_colors_info=&#8220;{}&#8220;]<\/p>\n<p>&nbsp;<\/p>\n<p>Das Team von RBE hat jahrelang Schaltplatten und Musikaufnahmen aus aller Welt und verschiedenster Art gesammelt. Tauchen sie ein und lassen sie sich von der guten Energie verw\u00f6hnen.<\/p>\n<p>&nbsp;<\/p>\n<p>Von Charles Tr\u00e9net Norah Jones, \u00fcber Paquito D\u2019Rivera bis zu den Beatles, Miles Davis oder Johann Sebastian Bach werden sie durch einen ununterbrochenen, durch das Zufallsprinzip gew\u00e4hlten und unerwarteten Musikgenuss gefesselt. Wir hoffen das Konzept unseres unabh\u00e4ngigen Privat Senders wird ihnen gefallen.<\/p>\n<p>&nbsp;<\/p>\n<p>Wir sind \u00fcberzeugt, dass Musik Balsam f\u00fcr die Seele ist und haben uns deshalb entschlossen, ihnen diesen Ohrenschmaus zu schenken. Wir hoffen Radio Bon Esprit wird somit ein kleiner Stein im Geb\u00e4ude des Weltfriedens werden\u2026 DJ Walter.<\/p>\n<p>[\/et_pb_fullwidth_header][\/et_pb_section][et_pb_section fb_built=&#8220;1&#8243; custom_padding_last_edited=&#8220;on|desktop&#8220; admin_label=&#8220;section&#8220; module_id=&#8220;about&#8220; _builder_version=&#8220;4.16&#8243; custom_padding=&#8220;0px|0px|0px|0px&#8220; custom_padding_tablet=&#8220;&#8220; custom_padding_phone=&#8220;&#8220; transparent_background=&#8220;off&#8220; make_fullwidth=&#8220;off&#8220; use_custom_width=&#8220;off&#8220; width_unit=&#8220;off&#8220; custom_width_px=&#8220;1080px&#8220; custom_width_percent=&#8220;80%&#8220; global_colors_info=&#8220;{}&#8220;][et_pb_row column_structure=&#8220;1_3,2_3&#8243; custom_padding_last_edited=&#8220;on|phone&#8220; admin_label=&#8220;Ligne&#8220; _builder_version=&#8220;4.16&#8243; background_size=&#8220;initial&#8220; background_position=&#8220;top_left&#8220; background_repeat=&#8220;repeat&#8220; custom_padding=&#8220;130px|180px|130px|180px&#8220; custom_padding_tablet=&#8220;100px|100px|100px|100px&#8220; custom_padding_phone=&#8220;100px|20px|100px|20px&#8220; make_fullwidth=&#8220;off&#8220; use_custom_width=&#8220;off&#8220; width_unit=&#8220;off&#8220; custom_width_px=&#8220;1080px&#8220; custom_width_percent=&#8220;80%&#8220; global_colors_info=&#8220;{}&#8220;][et_pb_column type=&#8220;1_3&#8243; _builder_version=&#8220;4.16&#8243; custom_padding=&#8220;|||&#8220; global_colors_info=&#8220;{}&#8220; custom_padding__hover=&#8220;|||&#8220;][et_pb_image src=&#8220;https:\/\/www.radiobonesprit.org\/fr\/wp-content\/uploads\/sites\/2\/2022\/06\/good.png&#8220; title_text=&#8220;good&#8220; _builder_version=&#8220;4.17.4&#8243; _module_preset=&#8220;default&#8220; global_colors_info=&#8220;{}&#8220;][\/et_pb_image][\/et_pb_column][et_pb_column type=&#8220;2_3&#8243; _builder_version=&#8220;4.16&#8243; custom_padding=&#8220;|||&#8220; global_colors_info=&#8220;{}&#8220; custom_padding__hover=&#8220;|||&#8220;][et_pb_text _builder_version=&#8220;4.17.4&#8243; _module_preset=&#8220;default&#8220; global_colors_info=&#8220;{}&#8220;]<\/p>\n<h1 class=\"tw-data-text tw-text-large tw-ta\" data-placeholder=\"Traduction\" id=\"tw-target-text\" dir=\"ltr\"><span class=\"Y2IQFc\" lang=\"de\">Helfen Sie uns, unsere Sendung fortzusetzen!<\/span><\/h1>\n<p>[\/et_pb_text][et_pb_text _builder_version=&#8220;4.17.4&#8243; _module_preset=&#8220;default&#8220; global_colors_info=&#8220;{}&#8220;]<\/p>\n<p><span>Gib, was du kannst, 1 Euro, 5 Euro \u2026 Jede Teilnahme an Radio Bon Esprit ist willkommen. <\/span><\/p>\n<p><span>Diese Spenden werden verwendet, um die Sendelizenz zu erneuern und die Website zu unterhalten.<\/span><\/p>\n<p>[\/et_pb_text][et_pb_button button_text=&#8220; SPENDEN&#8220; button_alignment=&#8220;left&#8220; _builder_version=&#8220;4.17.4&#8243; _module_preset=&#8220;default&#8220; custom_button=&#8220;on&#8220; button_text_color=&#8220;#ffffff&#8220; button_bg_color=&#8220;#d02112&#8243; button_border_radius=&#8220;100px&#8220; hover_enabled=&#8220;0&#8243; global_colors_info=&#8220;{}&#8220; button_url=&#8220;https:\/\/www.leetchi.com\/c\/rbe2023&#8243; sticky_enabled=&#8220;0&#8243;][\/et_pb_button][\/et_pb_column][\/et_pb_row][\/et_pb_section][et_pb_section fb_built=&#8220;1&#8243; _builder_version=&#8220;4.17.4&#8243; _module_preset=&#8220;default&#8220; background_color=&#8220;#f5ad1c&#8220; min_height=&#8220;109px&#8220; custom_padding=&#8220;|0px|||false|false&#8220; global_colors_info=&#8220;{}&#8220;][et_pb_row column_structure=&#8220;3_5,2_5&#8243; _builder_version=&#8220;4.17.4&#8243; _module_preset=&#8220;default&#8220; module_alignment=&#8220;center&#8220; min_height=&#8220;106px&#8220; custom_padding=&#8220;||||false|false&#8220; global_colors_info=&#8220;{}&#8220;][et_pb_column type=&#8220;3_5&#8243; _builder_version=&#8220;4.17.4&#8243; _module_preset=&#8220;default&#8220; custom_padding=&#8220;||||false|false&#8220; global_colors_info=&#8220;{}&#8220;][et_pb_text _builder_version=&#8220;4.17.4&#8243; _module_preset=&#8220;default&#8220; text_text_color=&#8220;#282a41&#8243; global_colors_info=&#8220;{}&#8220;]<\/p>\n<h1 class=\"tw-data-text tw-text-large tw-ta\" data-placeholder=\"Traduction\" dir=\"ltr\"><span class=\"Y2IQFc\" lang=\"de\">Neues von unserem Partner<\/span><\/h1>\n<h1>\u00a0\u00bb <span class=\"Y2IQFc\" lang=\"de\">Der Klang der Welt <\/span>\u00ab\u00a0<\/h1>\n<p>[\/et_pb_text][et_pb_text _builder_version=&#8220;4.17.4&#8243; _module_preset=&#8220;default&#8220; text_text_color=&#8220;#FFFFFF&#8220; global_colors_info=&#8220;{}&#8220;]<\/p>\n<p class=\"tw-data-text tw-text-large tw-ta\" data-placeholder=\"Traduction\" id=\"tw-target-text\" dir=\"ltr\"><span class=\"Y2IQFc\" lang=\"de\">Le son du monde: die freieste der unabh\u00e4ngigen Zeitschriften, in der Kunstkritik auch Gesellschaftskritik ist. <\/span><\/p>\n<p class=\"tw-data-text tw-text-large tw-ta\" data-placeholder=\"Traduction\" dir=\"ltr\"><span class=\"Y2IQFc\" lang=\"de\">Musikalische Neuigkeiten, Konzerte, Alben, Interviews, Berichte, Festivals, literarische Neuheiten, Ver\u00f6ffentlichungen, Kino, neue Ausstellungen, Audio- und visuelle Veranstaltungen in Frankreich und anderswo finden Sie unter: www.sondumonde.fr<\/span><\/p>\n<p>[\/et_pb_text][\/et_pb_column][et_pb_column type=&#8220;2_5&#8243; _builder_version=&#8220;4.17.4&#8243; _module_preset=&#8220;default&#8220; custom_padding=&#8220;|0px|||false|false&#8220; global_colors_info=&#8220;{}&#8220;][et_pb_image src=&#8220;https:\/\/www.radiobonesprit.org\/fr\/wp-content\/uploads\/sites\/2\/2022\/06\/casette1.gif&#8220; title_text=&#8220;casette1&#8243; align=&#8220;center&#8220; _builder_version=&#8220;4.17.4&#8243; _module_preset=&#8220;default&#8220; width=&#8220;100%&#8220; min_height=&#8220;100%&#8220; custom_padding=&#8220;||||false|false&#8220; global_colors_info=&#8220;{}&#8220;][\/et_pb_image][\/et_pb_column][\/et_pb_row][\/et_pb_section][et_pb_section fb_built=&#8220;1&#8243; _builder_version=&#8220;4.17.4&#8243; _module_preset=&#8220;default&#8220; global_colors_info=&#8220;{}&#8220;][et_pb_row column_structure=&#8220;2_5,3_5&#8243; _builder_version=&#8220;4.17.4&#8243; _module_preset=&#8220;default&#8220; global_colors_info=&#8220;{}&#8220;][et_pb_column type=&#8220;2_5&#8243; _builder_version=&#8220;4.17.4&#8243; _module_preset=&#8220;default&#8220; global_colors_info=&#8220;{}&#8220;][et_pb_image src=&#8220;https:\/\/www.radiobonesprit.org\/fr\/wp-content\/uploads\/sites\/2\/2022\/06\/e8RWv9ocXYkN7SReRf.gif&#8220; title_text=&#8220;e8RWv9ocXYkN7SReRf&#8220; _builder_version=&#8220;4.17.4&#8243; _module_preset=&#8220;default&#8220; border_radii=&#8220;on|15px|15px|15px|15px&#8220; border_width_all=&#8220;20px&#8220; border_color_all=&#8220;#72b6d8&#8243; global_colors_info=&#8220;{}&#8220;][\/et_pb_image][\/et_pb_column][et_pb_column type=&#8220;3_5&#8243; _builder_version=&#8220;4.17.4&#8243; _module_preset=&#8220;default&#8220; global_colors_info=&#8220;{}&#8220;][et_pb_text _builder_version=&#8220;4.17.4&#8243; _module_preset=&#8220;default&#8220; header_text_color=&#8220;#d02112&#8243; header_font_size=&#8220;45px&#8220; global_colors_info=&#8220;{}&#8220;]<\/p>\n<h1><span>Schreiben Sie uns !<\/span><\/h1>\n<p>[\/et_pb_text][et_pb_text _builder_version=&#8220;4.17.4&#8243; _module_preset=&#8220;default&#8220; text_text_color=&#8220;#282a41&#8243; global_colors_info=&#8220;{}&#8220;]<\/p>\n<h4>djwalter@free.fr<\/h4>\n<p>[\/et_pb_text][\/et_pb_column][\/et_pb_row][\/et_pb_section][et_pb_section fb_built=&#8220;1&#8243; _builder_version=&#8220;4.17.4&#8243; _module_preset=&#8220;default&#8220; background_color=&#8220;#282a41&#8243; custom_padding=&#8220;||0px||false|false&#8220; global_colors_info=&#8220;{}&#8220;][et_pb_row column_structure=&#8220;1_6,1_6,1_6,1_6,1_6,1_6&#8243; make_equal=&#8220;on&#8220; _builder_version=&#8220;4.17.4&#8243; _module_preset=&#8220;default&#8220; max_width=&#8220;2560px&#8220; global_colors_info=&#8220;{}&#8220;][et_pb_column type=&#8220;1_6&#8243; _builder_version=&#8220;4.17.4&#8243; _module_preset=&#8220;default&#8220; global_colors_info=&#8220;{}&#8220;][et_pb_image src=&#8220;https:\/\/www.radiobonesprit.org\/fr\/wp-content\/uploads\/sites\/2\/2022\/06\/logo-long-red.png&#8220; title_text=&#8220;logo-long-red&#8220; url=&#8220;http:\/\/www.streamitter.com%22&#8243; align=&#8220;center&#8220; _builder_version=&#8220;4.17.4&#8243; _module_preset=&#8220;default&#8220; max_height=&#8220;100px&#8220; global_colors_info=&#8220;{}&#8220;][\/et_pb_image][\/et_pb_column][et_pb_column type=&#8220;1_6&#8243; _builder_version=&#8220;4.17.4&#8243; _module_preset=&#8220;default&#8220; global_colors_info=&#8220;{}&#8220;][et_pb_image src=&#8220;https:\/\/www.radiobonesprit.org\/fr\/wp-content\/uploads\/sites\/2\/2022\/06\/webradio-media.png&#8220; title_text=&#8220;webradio media&#8220; url=&#8220;https:\/\/www.webradio.media\/&#8220; align=&#8220;center&#8220; _builder_version=&#8220;4.17.4&#8243; _module_preset=&#8220;default&#8220; height=&#8220;100px&#8220; global_colors_info=&#8220;{}&#8220;][\/et_pb_image][\/et_pb_column][et_pb_column type=&#8220;1_6&#8243; _builder_version=&#8220;4.17.4&#8243; _module_preset=&#8220;default&#8220; global_colors_info=&#8220;{}&#8220;][et_pb_image src=&#8220;https:\/\/www.radiobonesprit.org\/fr\/wp-content\/uploads\/sites\/2\/2022\/06\/mytuner-1.png&#8220; title_text=&#8220;mytuner&#8220; url=&#8220;https:\/\/mytuner-radio.com\/&#8220; align=&#8220;center&#8220; _builder_version=&#8220;4.17.4&#8243; _module_preset=&#8220;default&#8220; height=&#8220;100px&#8220; global_colors_info=&#8220;{}&#8220;][\/et_pb_image][\/et_pb_column][et_pb_column type=&#8220;1_6&#8243; _builder_version=&#8220;4.17.4&#8243; _module_preset=&#8220;default&#8220; global_colors_info=&#8220;{}&#8220;][et_pb_image src=&#8220;https:\/\/www.radiobonesprit.org\/fr\/wp-content\/uploads\/sites\/2\/2022\/06\/radio-garden.png&#8220; title_text=&#8220;radio garden&#8220; url=&#8220;https:\/\/radio.garden\/listen\/radio-bon-esprit-international\/Tp1Q9LtW&#8220; align=&#8220;center&#8220; _builder_version=&#8220;4.17.4&#8243; _module_preset=&#8220;default&#8220; height=&#8220;100px&#8220; global_colors_info=&#8220;{}&#8220;][\/et_pb_image][\/et_pb_column][et_pb_column type=&#8220;1_6&#8243; _builder_version=&#8220;4.17.4&#8243; _module_preset=&#8220;default&#8220; global_colors_info=&#8220;{}&#8220;][et_pb_image src=&#8220;https:\/\/www.radiobonesprit.org\/fr\/wp-content\/uploads\/sites\/2\/2022\/06\/nR.png&#8220; title_text=&#8220;nR&#8220; url=&#8220;https:\/\/osx.f20.be\/link.htm?nRLink=nradio:\/\/import\/Radio%20Bon%20Esprit%20International\/http:**radiobonespritinternational.ice.infomaniak.ch*rbeinter.mp3&#8243; align=&#8220;center&#8220; _builder_version=&#8220;4.17.4&#8243; _module_preset=&#8220;default&#8220; height=&#8220;100px&#8220; global_colors_info=&#8220;{}&#8220;][\/et_pb_image][\/et_pb_column][et_pb_column type=&#8220;1_6&#8243; _builder_version=&#8220;4.17.4&#8243; _module_preset=&#8220;default&#8220; global_colors_info=&#8220;{}&#8220;][et_pb_image src=&#8220;https:\/\/www.radiobonesprit.org\/fr\/wp-content\/uploads\/sites\/2\/2022\/06\/internet-radio-logo.png&#8220; title_text=&#8220;internet-radio-logo&#8220; url=&#8220;https:\/\/www.internet-radio.com\/&#8220; _builder_version=&#8220;4.17.4&#8243; _module_preset=&#8220;default&#8220; max_height=&#8220;100px&#8220; global_colors_info=&#8220;{}&#8220;][\/et_pb_image][\/et_pb_column][\/et_pb_row][\/et_pb_section][et_pb_section fb_built=&#8220;1&#8243; fullwidth=&#8220;on&#8220; _builder_version=&#8220;4.17.4&#8243; _module_preset=&#8220;default&#8220; global_colors_info=&#8220;{}&#8220;][\/et_pb_section]<\/p>\n","protected":false},"excerpt":{"rendered":"<p>Unterst\u00fctzt von DjWalter.&nbsp; Das Team von RBE hat jahrelang Schaltplatten und Musikaufnahmen aus aller Welt und verschiedenster Art gesammelt. Tauchen sie ein und lassen sie sich von der guten Energie verw\u00f6hnen. &nbsp; Von Charles Tr\u00e9net Norah Jones, \u00fcber Paquito D\u2019Rivera bis zu den Beatles, Miles Davis oder Johann Sebastian Bach werden sie durch einen ununterbrochenen, [&hellip;]<\/p>\n","protected":false},"author":3,"featured_media":0,"parent":0,"menu_order":0,"comment_status":"closed","ping_status":"closed","template":"","meta":{"_et_pb_use_builder":"on","_et_pb_old_content":"","_et_gb_content_width":""},"_links":{"self":[{"href":"https:\/\/www.radiobonesprit.org\/de\/wp-json\/wp\/v2\/pages\/36"}],"collection":[{"href":"https:\/\/www.radiobonesprit.org\/de\/wp-json\/wp\/v2\/pages"}],"about":[{"href":"https:\/\/www.radiobonesprit.org\/de\/wp-json\/wp\/v2\/types\/page"}],"author":[{"embeddable":true,"href":"https:\/\/www.radiobonesprit.org\/de\/wp-json\/wp\/v2\/users\/3"}],"replies":[{"embeddable":true,"href":"https:\/\/www.radiobonesprit.org\/de\/wp-json\/wp\/v2\/comments?post=36"}],"version-history":[{"count":3,"href":"https:\/\/www.radiobonesprit.org\/de\/wp-json\/wp\/v2\/pages\/36\/revisions"}],"predecessor-version":[{"id":28864,"href":"https:\/\/www.radiobonesprit.org\/de\/wp-json\/wp\/v2\/pages\/36\/revisions\/28864"}],"wp:attachment":[{"href":"https:\/\/www.radiobonesprit.org\/de\/wp-json\/wp\/v2\/media?parent=36"}],"curies":[{"name":"wp","href":"https:\/\/api.w.org\/{rel}","templated":true}]}}